{"id":658,"date":"2019-06-19T08:51:03","date_gmt":"2019-06-19T08:51:03","guid":{"rendered":"https:\/\/demo.themefreesia.com\/extension-education\/?page_id=9"},"modified":"2020-09-22T11:07:06","modified_gmt":"2020-09-22T09:07:06","slug":"home","status":"publish","type":"page","link":"https:\/\/www.t-touzet.fr\/espace-clients\/","title":{"rendered":"Accueil"},"content":{"rendered":"<h2>Bienvenue sur<\/h2>\n<h2>votre espace clients<\/h2>\n<p>votre espace en toute libert\u00e9<\/p>\n<h4>\n\t\t\t\t\tDes cours \u00e0 votre disposition<\/h4>\n<p>Formez vous et devenez autonome.<br \/>\nC&#8217;est un compl\u00e9ment \u00e0 ma prestation de conception de sites web.<\/p>\n<p><a href=\"https:\/\/www.t-touzet.fr\/espace-clients\/modules\" target=\"_blank\" role=\"button\" rel=\"noopener noreferrer\"><br \/>\nAcc\u00e8s aux cours<br \/>\n<\/a><\/p>\n<h4>\n\t\t\t\t\tVotre intranet<\/h4>\n<p>Un acc\u00e8s \u00e0 votre intranet<\/p>\n<p><a href=\"https:\/\/www.t-touzet.fr\/espace-clients\/mon-espace\/\" target=\"_blank\" role=\"button\" rel=\"noopener noreferrer\"><br \/>\nAcc\u00e8s Mon Espace<br \/>\n<\/a><\/p>\n<h4>\n\t\t\t\t\tUn espace d&#8217;\u00e9changes<\/h4>\n<p>Demander un devis,<br \/>\nPoser une question,<br \/>\n\u00c9changer,<br \/>\nC&#8217;est par ici !<\/p>\n<p><a href=\"https:\/\/www.t-touzet.fr\/espace-clients\/forums\/\" target=\"_blank\" role=\"button\" rel=\"noopener noreferrer\"><br \/>\nEchange<br \/>\n<\/a><\/p>\n<p><strong>Un espace clients, pour quoi faire ?<\/strong><\/p>\n<p>Notre offre de services doit \u00eatre diversifi\u00e9e, adapt\u00e9e aux besoins et personnalisables.<\/p>\n<p>Cette plateforme n&#8217;est rien d&#8217;autre qu&#8217;une r\u00e9ponse \u00e0 des attentes en mati\u00e8re :<\/p>\n<ul>\n<li>d&#8217;\u00e9changes et de r\u00e9ponses \u00e0 des questions, (forum , devis, type d&#8217;intervention, &#8230;),<\/li>\n<li>des outils notamment pour stocker ses donn\u00e9es (en France),<\/li>\n<li>des formations en ligne qui viennent appuyer mes interventions pour rendre le client autonome.<\/li>\n<\/ul>\n<h2>Notre volont\u00e9<\/h2>\n<h3>Autonomie<\/h3>\n<h3>D\u00e9couverte<\/h3>\n<h3>Polyvalence<\/h3>\n","protected":false},"excerpt":{"rendered":"<p>Bienvenue sur votre espace clients votre espace en toute libert\u00e9 Des cours \u00e0 votre disposition Formez vous et devenez autonome.<a href=\"https:\/\/www.t-touzet.fr\/espace-clients\/\" class=\"more-link\">View More<\/a><\/p>\n","protected":false},"author":1,"featured_media":0,"parent":0,"menu_order":0,"comment_status":"closed","ping_status":"closed","template":"","meta":{"_bbp_topic_count":0,"_bbp_reply_count":0,"_bbp_total_topic_count":0,"_bbp_total_reply_count":0,"_bbp_voice_count":0,"_bbp_anonymous_reply_count":0,"_bbp_topic_count_hidden":0,"_bbp_reply_count_hidden":0,"_bbp_forum_subforum_count":0},"_links":{"self":[{"href":"https:\/\/www.t-touzet.fr\/espace-clients\/wp-json\/wp\/v2\/pages\/658"}],"collection":[{"href":"https:\/\/www.t-touzet.fr\/espace-clients\/wp-json\/wp\/v2\/pages"}],"about":[{"href":"https:\/\/www.t-touzet.fr\/espace-clients\/wp-json\/wp\/v2\/types\/page"}],"author":[{"embeddable":true,"href":"https:\/\/www.t-touzet.fr\/espace-clients\/wp-json\/wp\/v2\/users\/1"}],"replies":[{"embeddable":true,"href":"https:\/\/www.t-touzet.fr\/espace-clients\/wp-json\/wp\/v2\/comments?post=658"}],"version-history":[{"count":46,"href":"https:\/\/www.t-touzet.fr\/espace-clients\/wp-json\/wp\/v2\/pages\/658\/revisions"}],"predecessor-version":[{"id":1399,"href":"https:\/\/www.t-touzet.fr\/espace-clients\/wp-json\/wp\/v2\/pages\/658\/revisions\/1399"}],"wp:attachment":[{"href":"https:\/\/www.t-touzet.fr\/espace-clients\/wp-json\/wp\/v2\/media?parent=658"}],"curies":[{"name":"wp","href":"https:\/\/api.w.org\/{rel}","templated":true}]}}