{"id":1333,"date":"2020-08-17T11:23:21","date_gmt":"2020-08-17T09:23:21","guid":{"rendered":"https:\/\/www.t-touzet.fr\/espace-clients\/?page_id=1333"},"modified":"2020-08-18T15:55:28","modified_gmt":"2020-08-18T13:55:28","slug":"mon-espace","status":"publish","type":"page","link":"https:\/\/www.t-touzet.fr\/espace-clients\/mon-espace\/","title":{"rendered":"Mon espace"},"content":{"rendered":"<h2>Une collaboration Olivier Brette &#8211; Thomas Touzet<\/h2>\n<p>En collaboration avec Olivier BRETTE, nous souhaitons vous proposer un espace de stockage s\u00e9curis\u00e9, install\u00e9 en France et adapt\u00e9 \u00e0 vos besoins.<\/p>\n<p>Nous travaillons dessus afin de vous assurer une qualit\u00e9 et une s\u00e9curit\u00e9 optimale.<\/p>\n<h3>Que va-t-il comprendre ?<\/h3>\n<ul>\n<li>Votre site web,<\/li>\n<li>Un espace monitoring pour votre site web,<\/li>\n<li>Des outils d&#8217;\u00e9change et de conversation de type forum,<\/li>\n<li>&nbsp;Et plein d&#8217;autres choses encore puisque nous pouvons le personnaliser \u00e0 l&#8217;envie.<\/li>\n<\/ul>\n<p><a href=\"http:\/\/www.brette-informatique.fr\/\" target=\"_blank\" role=\"button\" rel=\"noopener noreferrer\"><br \/>\nInformations<br \/>\n<\/a><\/p>\n<p>Pour toute information ou conseils techniques, cliquez sur le bouton pour \u00eatre en lien avec Olivier Brette.<\/p>\n","protected":false},"excerpt":{"rendered":"<p>Une collaboration Olivier Brette &#8211; Thomas Touzet En collaboration avec Olivier BRETTE, nous souhaitons vous proposer un espace de stockage<a href=\"https:\/\/www.t-touzet.fr\/espace-clients\/mon-espace\/\" class=\"more-link\">View More<\/a><\/p>\n","protected":false},"author":1,"featured_media":0,"parent":0,"menu_order":0,"comment_status":"closed","ping_status":"closed","template":"","meta":{"_bbp_topic_count":0,"_bbp_reply_count":0,"_bbp_total_topic_count":0,"_bbp_total_reply_count":0,"_bbp_voice_count":0,"_bbp_anonymous_reply_count":0,"_bbp_topic_count_hidden":0,"_bbp_reply_count_hidden":0,"_bbp_forum_subforum_count":0},"_links":{"self":[{"href":"https:\/\/www.t-touzet.fr\/espace-clients\/wp-json\/wp\/v2\/pages\/1333"}],"collection":[{"href":"https:\/\/www.t-touzet.fr\/espace-clients\/wp-json\/wp\/v2\/pages"}],"about":[{"href":"https:\/\/www.t-touzet.fr\/espace-clients\/wp-json\/wp\/v2\/types\/page"}],"author":[{"embeddable":true,"href":"https:\/\/www.t-touzet.fr\/espace-clients\/wp-json\/wp\/v2\/users\/1"}],"replies":[{"embeddable":true,"href":"https:\/\/www.t-touzet.fr\/espace-clients\/wp-json\/wp\/v2\/comments?post=1333"}],"version-history":[{"count":8,"href":"https:\/\/www.t-touzet.fr\/espace-clients\/wp-json\/wp\/v2\/pages\/1333\/revisions"}],"predecessor-version":[{"id":1347,"href":"https:\/\/www.t-touzet.fr\/espace-clients\/wp-json\/wp\/v2\/pages\/1333\/revisions\/1347"}],"wp:attachment":[{"href":"https:\/\/www.t-touzet.fr\/espace-clients\/wp-json\/wp\/v2\/media?parent=1333"}],"curies":[{"name":"wp","href":"https:\/\/api.w.org\/{rel}","templated":true}]}}